{"id":833,"date":"2023-01-11T08:12:18","date_gmt":"2023-01-11T08:12:18","guid":{"rendered":"http:\/\/villareal.se\/hemsida\/?page_id=833"},"modified":"2023-01-11T15:17:45","modified_gmt":"2023-01-11T15:17:45","slug":"synpunkter-till-styrelsen","status":"publish","type":"page","link":"http:\/\/villareal.se\/hemsida\/synpunkter-till-styrelsen\/","title":{"rendered":"Synpunkter till styrelsen"},"content":{"rendered":"<p>Har du som medlem i v\u00e5r bostadsr\u00e4ttsf\u00f6rening synpunkter, som du vill framf\u00f6ra till styrelsen, s\u00e5 \u00e4r vi tacksamma om du mejlar till <a href=\"styrelsen@villareal.se\"><strong>styrelsen@villareal.se<\/strong>.<\/a> \u00a0Detta kan vara f\u00f6rslag till f\u00f6rb\u00e4ttringar, positivt och negativt om hur verksamheten sk\u00f6ts etc.<\/p>\n<p>Om ni har ett f\u00f6rslag som ni tycker skall tas upp p\u00e5 en f\u00f6reningsst\u00e4mma, m\u00e5ste ni g\u00f6ra en skriftig motion som skall vara inl\u00e4mnad till styrelsen senast den 31\/1 varje kalender\u00e5r.<\/p>\n<p>Om ni har en felanm\u00e4lan, v\u00e4nder ni er till Riksbyggen enligt tidigare\u00a0 <a href=\"http:\/\/mitt.riksbyggen.se\">mitt.riksbyggen.se<\/a> eller 0771-860 860<\/p>\n<p>&nbsp;<\/p>\n<p>Styrelsen Brf Villa Real 2023<\/p>\n","protected":false},"excerpt":{"rendered":"<p>Har du som medlem i v\u00e5r bostadsr\u00e4ttsf\u00f6rening synpunkter, som du vill framf\u00f6ra till styrelsen, s\u00e5 \u00e4r vi tacksamma om du mejlar till styrelsen@villareal.se. \u00a0Detta kan vara f\u00f6rslag till f\u00f6rb\u00e4ttringar, positivt och negativt om hur verksamheten sk\u00f6ts etc. Om ni har ett f\u00f6rslag som ni tycker skall tas upp p\u00e5 en f\u00f6reningsst\u00e4mma, m\u00e5ste ni g\u00f6ra en &#8230; <span class=\"more\"><a class=\"more-link\" href=\"http:\/\/villareal.se\/hemsida\/synpunkter-till-styrelsen\/\">[L\u00e4s mer&#8230;]<\/a><\/span><\/p>\n","protected":false},"author":2,"featured_media":0,"parent":0,"menu_order":0,"comment_status":"closed","ping_status":"closed","template":"","meta":[],"_links":{"self":[{"href":"http:\/\/villareal.se\/hemsida\/wp-json\/wp\/v2\/pages\/833"}],"collection":[{"href":"http:\/\/villareal.se\/hemsida\/wp-json\/wp\/v2\/pages"}],"about":[{"href":"http:\/\/villareal.se\/hemsida\/wp-json\/wp\/v2\/types\/page"}],"author":[{"embeddable":true,"href":"http:\/\/villareal.se\/hemsida\/wp-json\/wp\/v2\/users\/2"}],"replies":[{"embeddable":true,"href":"http:\/\/villareal.se\/hemsida\/wp-json\/wp\/v2\/comments?post=833"}],"version-history":[{"count":5,"href":"http:\/\/villareal.se\/hemsida\/wp-json\/wp\/v2\/pages\/833\/revisions"}],"predecessor-version":[{"id":842,"href":"http:\/\/villareal.se\/hemsida\/wp-json\/wp\/v2\/pages\/833\/revisions\/842"}],"wp:attachment":[{"href":"http:\/\/villareal.se\/hemsida\/wp-json\/wp\/v2\/media?parent=833"}],"curies":[{"name":"wp","href":"https:\/\/api.w.org\/{rel}","templated":true}]}}