{"id":5,"date":"2014-06-16T07:44:53","date_gmt":"2014-06-16T07:44:53","guid":{"rendered":"http:\/\/villareal.se\/hemsida\/?page_id=5"},"modified":"2022-04-16T07:57:30","modified_gmt":"2022-04-16T07:57:30","slug":"hem","status":"publish","type":"page","link":"http:\/\/villareal.se\/hemsida\/hem\/","title":{"rendered":"HEM"},"content":{"rendered":"<p><strong>Om du vill l\u00e4sa dokumenten som finns under fliken &#8221;Dokument\/Bilder&#8221;, m\u00e5ste du ladda hem dem p\u00e5 din enhet. F\u00f6rslagsvis genom att h\u00f6gerklicka och v\u00e4lja &#8221;ladda ned&#8221;<\/strong><\/p>\n<p>&nbsp;<\/p>\n","protected":false},"excerpt":{"rendered":"<p>Om du vill l\u00e4sa dokumenten som finns under fliken &#8221;Dokument\/Bilder&#8221;, m\u00e5ste du ladda hem dem p\u00e5 din enhet. F\u00f6rslagsvis genom att h\u00f6gerklicka och v\u00e4lja &#8221;ladda ned&#8221; &nbsp;<\/p>\n","protected":false},"author":1,"featured_media":0,"parent":0,"menu_order":0,"comment_status":"closed","ping_status":"closed","template":"","meta":[],"_links":{"self":[{"href":"http:\/\/villareal.se\/hemsida\/wp-json\/wp\/v2\/pages\/5"}],"collection":[{"href":"http:\/\/villareal.se\/hemsida\/wp-json\/wp\/v2\/pages"}],"about":[{"href":"http:\/\/villareal.se\/hemsida\/wp-json\/wp\/v2\/types\/page"}],"author":[{"embeddable":true,"href":"http:\/\/villareal.se\/hemsida\/wp-json\/wp\/v2\/users\/1"}],"replies":[{"embeddable":true,"href":"http:\/\/villareal.se\/hemsida\/wp-json\/wp\/v2\/comments?post=5"}],"version-history":[{"count":4,"href":"http:\/\/villareal.se\/hemsida\/wp-json\/wp\/v2\/pages\/5\/revisions"}],"predecessor-version":[{"id":787,"href":"http:\/\/villareal.se\/hemsida\/wp-json\/wp\/v2\/pages\/5\/revisions\/787"}],"wp:attachment":[{"href":"http:\/\/villareal.se\/hemsida\/wp-json\/wp\/v2\/media?parent=5"}],"curies":[{"name":"wp","href":"https:\/\/api.w.org\/{rel}","templated":true}]}}