{"id":42,"date":"2017-07-01T08:29:14","date_gmt":"2017-07-01T08:29:14","guid":{"rendered":"http:\/\/villareal.se\/hemsida\/?page_id=42"},"modified":"2020-11-14T13:35:47","modified_gmt":"2020-11-14T13:35:47","slug":"bokningsregler","status":"publish","type":"page","link":"http:\/\/villareal.se\/hemsida\/bokningsregler\/","title":{"rendered":"BOKNINGSREGLER"},"content":{"rendered":"<h3><strong>BOKNINGSREGLER<\/strong><\/h3>\n<h3><strong>f\u00f6r gemensamhetslokalen vid \u00f6vernattning<\/strong><\/h3>\n<ul>\n<li>Bokning av g\u00e4stl\u00e4genheten kan endast g\u00f6ras av medlem i Brf Villa Real Medlemmen \u00e4r d\u00e4rmed ansvarig f\u00f6r g\u00e4stl\u00e4genheten och betalningen f\u00f6r hela uthyrningsperioden. L\u00e4genheten kan utnyttjas av medlem eller dennes g\u00e4ster.<\/li>\n<li>G\u00e4stl\u00e4genheten kan bokas max 90 dagar i f\u00f6rv\u00e4g . G\u00e4stl\u00e4genheten bokas dygnsvis fr\u00e5n kl 14:00 och l\u00e4mnas sista dagen kl 14:00<\/li>\n<li>Bokningen skall i f\u00f6rsta hand ske genom e-mail: <a href=\"mailto:bokning@villareal.se\">bokning@villareal.se<\/a> eller via telefon till bokningsansvarig. (se Villa Reals organisation)<\/li>\n<li>Maximal bokningstid \u00e4r 7 dagar i str\u00e4ck. F\u00f6r att boka ytterligare dagar, s\u00e5 m\u00e5ste det vara 2 veckor emellan bokningarna. Under juli m\u00e5nad till\u00e5ts endast en bokning per l\u00e4genhetshush\u00e5ll.<\/li>\n<li>Inbetalning f\u00f6r hyra av g\u00e4stl\u00e4genheten g\u00f6r till Riksbyggen p\u00e5 Swedbank nr: 8169-5 964 423 330-7och <strong>m\u00e5ste<\/strong> m\u00e4rkas med bokningsnumret. Avgiften skall vara inbetalt innan tilltr\u00e4det.<\/li>\n<li>Avbokningar f\u00f6r nyttjande under juli m\u00e5nad och storhelger skall ske minst 6 veckor i f\u00f6rv\u00e4g. Vid nyttjande under \u00f6vrig tid skall avbokning ske minst 5 dagar i f\u00f6rv\u00e4g. Om avbokning sker senare, debiteras hela hyresbeloppet.<\/li>\n<li>Nyckel till g\u00e4stl\u00e4genheten kan h\u00e4mtas hos nyckelansvariga. Det finns en nyckelansvarig i varje trappuppg\u00e5ng (2, 4, 6 och 8). Nyckeln skall h\u00e4mtas av medlem som bokade lokalen och \u00e5terl\u00e4mnas till samma person som l\u00e4mnade ut nyckeln. Om n\u00e5gon nyckelansvarig inte kan n\u00e5s, kontakta n\u00e5gon styrelsemedlem.<\/li>\n<li>Ordningsregler och info. om g\u00e4stl\u00e4genheten finns uppsatta inne i l\u00e4genheten och p\u00e5 Villa Reals hemsida<\/li>\n<\/ul>\n<p>&nbsp;<\/p>\n<p>Styrelsen 2017-01-26<\/p>\n<p>&nbsp;<\/p>\n<h3><span style=\"color: #000000;\"><strong><a style=\"color: #000000;\" href=\"http:\/\/villareal.se\/hemsida\">Brf Villa Real &#8211; Halmstad<\/a><\/strong><\/span><\/h3>\n<h4><strong>Till dig som hyr gemensamhetslokalen<\/strong><\/h4>\n<p>Vi kan med gl\u00e4dje konstatera att v\u00e5r gemensamma lokal \u00e4r v\u00e4ldigt uppskattad och v\u00e4lbokad, n\u00e5gra f\u00f6rtydligande vill vi dock framf\u00f6ra:<\/p>\n<p>\u2013 Undvik att r\u00f6ra\/dra ut sladdar f\u00f6r TV-anslutning och internetuppkoppling. L\u00f6sen f\u00f6r Wifi finns antecknat i lokalen<\/p>\n<p>\u2013 Rapportera fel och brister till den som bokat lokalen \u00e5t dig\/den du f\u00e5r nyckeln av.<\/p>\n<p>\u2013 Kallt i lokalen \u2013 finns timer f\u00f6r extra v\u00e4rme vid ljuskontakterna.<\/p>\n<p>\u2013 Gemensamhetslokalen har f\u00e5tt tv\u00e5 nya b\u00e4ddsoffor. Instruktion hur man \u201db\u00e4ddar upp\u201d sofforna finns uppsatt p\u00e5 st\u00e4dsk\u00e5pet vid entr\u00e9d\u00f6rren<\/p>\n<p>\u2013 I Rullstols\/barnvagnsf\u00f6rr\u00e5det\u00a0finns tv\u00e5 extra s\u00e4ngar, t\u00e4cken och kuddar i en vit l\u00e5da.<\/p>\n<p>\u2013 T\u00e4nk p\u00e5 att f\u00f6rbrukningsvaror som toalettpapper, hush\u00e5llspapper, tv\u00e5l, reng\u00f6ringsmedel, lakan\/\u00f6rngott, k\u00f6kshanduk, kaffefilter inte ing\u00e5r i hyran av lokalen. Detta m\u00e5ste du ta med sj\u00e4lv.<\/p>\n<p>\u2013 H\u00e4ng g\u00e4rna ut skylten &#8221;st\u00f6r ej&#8221; p\u00e5 d\u00f6rren, f\u00f6r att visa att lokalen \u00e4r uthyrd.<\/p>\n<p><span style=\"color: #ff0000;\">\u2013 <strong>P\u00e5 f\u00f6rkommande anledning vill styrelsen p\u00e5minna er som hyr lokalen att st\u00e4da noga efter hyresperioden.\u00a0 \u00c4ven under soffor och bord.\u00a0 \u00a0 \u00a0 \u00a0 \u00a0 \u00a0 \u00a0 \u00a0 \u00a0 \u00a0 \u00a0 \u00a0 \u00a0 \u00a0\u00a0<\/strong><\/span><\/p>\n<h3>ORDNINGSREGLER f\u00f6r gemensamhetslokalen<\/h3>\n<ul>\n<li>Lokalen f\u00e5r anv\u00e4ndas till \u00f6vernattningslokal f\u00f6r g\u00e4ster, festlokal, studielokal, sammantr\u00e4desrum, eller liknande verksamhet.<\/li>\n<\/ul>\n<ul>\n<li>Vid anv\u00e4ndning som festlokal skall ljudvolym anpassas s\u00e5 att \u00f6vriga bostadsr\u00e4ttsinnehavare ej blir st\u00f6rda.<\/li>\n<\/ul>\n<ul>\n<li>R\u00f6kning \u00e4r ej till\u00e5ten i lokalen.<\/li>\n<li>Husdjur \u00e4r ej till\u00e5tna i lokalen.<\/li>\n<li>Matlagning \u00e4r ej till\u00e5ten i lokalen p.g.a. att det saknas k\u00f6ksfl\u00e4kt. Endast uppv\u00e4rmning i mikrov\u00e5gsugnen \u00e4r till\u00e5ten<\/li>\n<\/ul>\n<ul>\n<li>Efter anv\u00e4ndning skall st\u00e4dning, diskning och iordningst\u00e4llande utf\u00f6ras.<\/li>\n<li>Om ovanst\u00e5ende punkt ej utf\u00f6rts debiteras den medlem som bokat lokalen 500 kr eller de faktiska kostnaderna f\u00f6r att iordningst\u00e4lla lokalen till ursprungligt skick.<\/li>\n<li>Den som bokat lokalen \u00e4r ansvarig f\u00f6r utl\u00e4mnad nyckel och tagg. Vid eventuell bortkommen nyckel- och\/eller tagg debiteras 2000 kr.<\/li>\n<\/ul>\n<p>&nbsp;<\/p>\n<p>Styrelsen 2017-05-30<\/p>\n<p>Tillbaka till <a title=\"BOKNINGAR\" href=\"http:\/\/villareal.se\/hemsida\/bokningar\/\">BOKNINGAR &gt;&gt;<\/a><\/p>\n","protected":false},"excerpt":{"rendered":"<p>BOKNINGSREGLER f\u00f6r gemensamhetslokalen vid \u00f6vernattning Bokning av g\u00e4stl\u00e4genheten kan endast g\u00f6ras av medlem i Brf Villa Real Medlemmen \u00e4r d\u00e4rmed ansvarig f\u00f6r g\u00e4stl\u00e4genheten och betalningen f\u00f6r hela uthyrningsperioden. L\u00e4genheten kan utnyttjas av medlem eller dennes g\u00e4ster. G\u00e4stl\u00e4genheten kan bokas max 90 dagar i f\u00f6rv\u00e4g . G\u00e4stl\u00e4genheten bokas dygnsvis fr\u00e5n kl 14:00 och l\u00e4mnas sista dagen &#8230; <span class=\"more\"><a class=\"more-link\" href=\"http:\/\/villareal.se\/hemsida\/bokningsregler\/\">[L\u00e4s mer&#8230;]<\/a><\/span><\/p>\n","protected":false},"author":1,"featured_media":0,"parent":0,"menu_order":0,"comment_status":"closed","ping_status":"closed","template":"","meta":[],"_links":{"self":[{"href":"http:\/\/villareal.se\/hemsida\/wp-json\/wp\/v2\/pages\/42"}],"collection":[{"href":"http:\/\/villareal.se\/hemsida\/wp-json\/wp\/v2\/pages"}],"about":[{"href":"http:\/\/villareal.se\/hemsida\/wp-json\/wp\/v2\/types\/page"}],"author":[{"embeddable":true,"href":"http:\/\/villareal.se\/hemsida\/wp-json\/wp\/v2\/users\/1"}],"replies":[{"embeddable":true,"href":"http:\/\/villareal.se\/hemsida\/wp-json\/wp\/v2\/comments?post=42"}],"version-history":[{"count":21,"href":"http:\/\/villareal.se\/hemsida\/wp-json\/wp\/v2\/pages\/42\/revisions"}],"predecessor-version":[{"id":644,"href":"http:\/\/villareal.se\/hemsida\/wp-json\/wp\/v2\/pages\/42\/revisions\/644"}],"wp:attachment":[{"href":"http:\/\/villareal.se\/hemsida\/wp-json\/wp\/v2\/media?parent=42"}],"curies":[{"name":"wp","href":"https:\/\/api.w.org\/{rel}","templated":true}]}}