{"id":13,"date":"2014-06-16T07:45:36","date_gmt":"2014-06-16T07:45:36","guid":{"rendered":"http:\/\/villareal.se\/hemsida\/?page_id=13"},"modified":"2024-03-05T18:38:58","modified_gmt":"2024-03-05T18:38:58","slug":"lankar","status":"publish","type":"page","link":"http:\/\/villareal.se\/hemsida\/lankar\/","title":{"rendered":"L\u00c4NKAR"},"content":{"rendered":"<p><span style=\"text-decoration: underline;\">F\u00f6reningens l\u00e4nkar<\/span><\/p>\n<p><a href=\"https:\/\/mitt.riksbyggen.se\/\">Kundportal till Riksbyggen<\/a><br \/>\n<a href=\"http:\/\/www.riksdagen.se\/sv\/Dokument-Lagar\/Lagar\/Svenskforfattningssamling\/Lag-1987667-om-ekonomiska-f_sfs-1987-667\/\" target=\"_blank\" rel=\"noopener\">Lagen om ekonomiska f\u00f6reningar&gt;&gt;<\/a><br \/>\n<a href=\"http:\/\/www.riksdagen.se\/sv\/Dokument-Lagar\/Lagar\/Svenskforfattningssamling\/Bostadsrattslag-1991614_sfs-1991-614\/\" target=\"_blank\" rel=\"noopener\">Bostadsr\u00e4ttslagen&gt;&gt;<\/a><\/p>\n<p><a href=\"http:\/\/www.borattupplysning.se\/\">http:\/\/www.borattupplysning.se\/<\/a><\/p>\n<p><u>Bostadsr\u00e4ttsf\u00f6reningar p\u00e5 Nissastrand<\/u><\/p>\n<p><a href=\"https:\/\/brfhenrik.se\">https:\/\/brfhenrik.se<\/a><\/p>\n<p><a href=\"https:\/\/www.hemsidan.com\/jarnbanan\">https:\/\/www.hemsidan.com\/jarnbanan<\/a><\/p>\n<p><a href=\"https:\/\/brfbron.se\/\">https:\/\/brfbron.se\/<\/a><\/p>\n<p><a href=\"https:\/\/www.brflascala.se\/\">https:\/\/www.brflascala.se\/<\/a><\/p>\n<p><span style=\"text-decoration: underline;\">Halmstad<\/span><br \/>\n<a href=\"http:\/\/www.halmstad.se\/\" target=\"_blank\" rel=\"noopener\">Halmstad.se&gt;&gt;<\/a><\/p>\n<p><span style=\"text-decoration: underline;\">Bredband<\/span><br \/>\n<a href=\"http:\/\/bredbandskollen.se\/\" target=\"_blank\" rel=\"noopener\">Bredbandskollen.se &gt;&gt;<\/a><\/p>\n<p><span style=\"text-decoration: underline;\">Informationss\u00e4kerhet<\/span><br \/>\nOm s\u00e4kerhet och tr\u00e5dl\u00f6sa n\u00e4tverk p\u00e5 post- och telestyrelsens hemsida:<br \/>\n<a href=\"https:\/\/www.pts.se\/\">PTS Hemsida<\/a><\/p>\n<p>&nbsp;<\/p>\n<p>&nbsp;<\/p>\n","protected":false},"excerpt":{"rendered":"<p>F\u00f6reningens l\u00e4nkar Kundportal till Riksbyggen Lagen om ekonomiska f\u00f6reningar&gt;&gt; Bostadsr\u00e4ttslagen&gt;&gt; http:\/\/www.borattupplysning.se\/ Bostadsr\u00e4ttsf\u00f6reningar p\u00e5 Nissastrand https:\/\/brfhenrik.se https:\/\/www.hemsidan.com\/jarnbanan https:\/\/brfbron.se\/ https:\/\/www.brflascala.se\/ Halmstad Halmstad.se&gt;&gt; Bredband Bredbandskollen.se &gt;&gt; Informationss\u00e4kerhet Om s\u00e4kerhet och tr\u00e5dl\u00f6sa n\u00e4tverk p\u00e5 post- och telestyrelsens hemsida: PTS Hemsida &nbsp; &nbsp;<\/p>\n","protected":false},"author":1,"featured_media":0,"parent":0,"menu_order":0,"comment_status":"closed","ping_status":"closed","template":"","meta":[],"_links":{"self":[{"href":"http:\/\/villareal.se\/hemsida\/wp-json\/wp\/v2\/pages\/13"}],"collection":[{"href":"http:\/\/villareal.se\/hemsida\/wp-json\/wp\/v2\/pages"}],"about":[{"href":"http:\/\/villareal.se\/hemsida\/wp-json\/wp\/v2\/types\/page"}],"author":[{"embeddable":true,"href":"http:\/\/villareal.se\/hemsida\/wp-json\/wp\/v2\/users\/1"}],"replies":[{"embeddable":true,"href":"http:\/\/villareal.se\/hemsida\/wp-json\/wp\/v2\/comments?post=13"}],"version-history":[{"count":13,"href":"http:\/\/villareal.se\/hemsida\/wp-json\/wp\/v2\/pages\/13\/revisions"}],"predecessor-version":[{"id":864,"href":"http:\/\/villareal.se\/hemsida\/wp-json\/wp\/v2\/pages\/13\/revisions\/864"}],"wp:attachment":[{"href":"http:\/\/villareal.se\/hemsida\/wp-json\/wp\/v2\/media?parent=13"}],"curies":[{"name":"wp","href":"https:\/\/api.w.org\/{rel}","templated":true}]}}