{"id":11,"date":"2017-08-21T20:00:26","date_gmt":"2017-08-21T20:00:26","guid":{"rendered":"http:\/\/villareal.se\/hemsida\/?page_id=11"},"modified":"2025-10-11T07:47:26","modified_gmt":"2025-10-11T07:47:26","slug":"bokningar","status":"publish","type":"page","link":"http:\/\/villareal.se\/hemsida\/bokningar\/","title":{"rendered":"BOKNING Gemensamhetslokalen"},"content":{"rendered":"<h2><\/h2>\n<p>1. L\u00e4s vidst\u00e5ende <a title=\"BOKNINGSREGLER\" href=\"http:\/\/villareal.se\/hemsida\/bokningsregler\/\">ordnings- och avgiftsregler.<\/a><br \/>\n2. Kontrollera i kalendern nedan att l\u00e4genheten \u00e4r ledig.<br \/>\n3. Fyll i bokningsuppgifter i ett mejl till: <a href=\"mailto:bokning@villareal.se?subject=Bokning gemensamhetslokal&amp;body=Ange bokningsdatum, namn, hem eller mobiltelefon. Ett mail skickas tillbaka n\u00e4r bokning \u00e4r mottagen och ytterligare ett n\u00e4r den \u00e4r inf\u00f6rd i kalendern.\"><span style=\"color: #0000ff;\">bokning@villareal.se (klicka h\u00e4r)<\/span><\/a><br \/>\n4. Bokningen hanteras manuellt. N\u00e4r den \u00e4r klar kommer ett bokningsnummer som bekr\u00e4ftelse till din angivna mejl adress.<\/p>\n<p>Bokning ska i f\u00f6rsta hand ske genom mejl, men kan ocks\u00e5 ske &#8221;manuellt&#8221; genom att ringa 070-3498031<\/p>\n<p>Bokningsansvarig: Anders Ericsson, tel: 070-3498031 , se <a title=\"ORGANISATION\" href=\"http:\/\/villareal.se\/hemsida\/organisation\/\">ORGANISATION<\/a>.<\/p>\n<p><b>Hyresavgift och betalning<\/b><br \/>\nAvgiften \u00e4r fr\u00e5n 1\/1-2024 300kr\/dygn. Betalning sker till:<\/p>\n<p><strong>Swedbank kontonummer: 8169-5 964 423 330-7.<\/strong><\/p>\n<p><em>(Vid betalning p\u00e5 vissa internetbanker, m\u00e5ste man utesluta <strong>&#8221;-5&#8221;<\/strong> i numret <strong>8169-5<\/strong> och <strong>&#8221;-7 &#8221;<\/strong> i numret <strong>330-7<\/strong> f\u00f6r att det skall fungera)<\/em><\/p>\n<p><span style=\"color: #990000;\">OBS! N\u00e4r ni betalar in: ange alltid det bokningsnummer, t.ex. VR 2021-10-6 som ni f\u00e5r i bekr\u00e4ftelsen.<\/span><\/p>\n<p>Bokningarna visas endast som bokningsnummer.<\/p>\n<p><iframe loading=\"lazy\" src=\"https:\/\/docs.google.com\/spreadsheet\/pub?hl=sv&amp;hl=sv&amp;key=0AttY1PvMI6vqdGNxV1dpVDB4dUVwSEhhWkhrdkpIMmc&amp;output=html\" width=\"860\" height=\"860\" frameborder=\"0\"><\/iframe><\/p>\n<p>Foto fr\u00e5n Gemensamhetslokalen<\/p>\n\n\t\t<style type=\"text\/css\">\n\t\t\t#gallery-1 {\n\t\t\t\tmargin: auto;\n\t\t\t}\n\t\t\t#gallery-1 .gallery-item {\n\t\t\t\tfloat: left;\n\t\t\t\tmargin-top: 10px;\n\t\t\t\ttext-align: center;\n\t\t\t\twidth: 33%;\n\t\t\t}\n\t\t\t#gallery-1 img {\n\t\t\t\tborder: 2px solid #cfcfcf;\n\t\t\t}\n\t\t\t#gallery-1 .gallery-caption {\n\t\t\t\tmargin-left: 0;\n\t\t\t}\n\t\t\t\/* see gallery_shortcode() in wp-includes\/media.php *\/\n\t\t<\/style>\n\t\t<div id='gallery-1' class='gallery galleryid-11 gallery-columns-3 gallery-size-thumbnail'><dl class='gallery-item'>\n\t\t\t<dt class='gallery-icon landscape'>\n\t\t\t\t<a href='http:\/\/villareal.se\/hemsida\/wp-content\/uploads\/2020\/11\/DSC_0187.jpg'><img width=\"150\" height=\"150\" src=\"http:\/\/villareal.se\/hemsida\/wp-content\/uploads\/2020\/11\/DSC_0187-150x150.jpg\" class=\"attachment-thumbnail size-thumbnail\" alt=\"\" loading=\"lazy\" aria-describedby=\"gallery-1-671\" \/><\/a>\n\t\t\t<\/dt>\n\t\t\t\t<dd class='wp-caption-text gallery-caption' id='gallery-1-671'>\n\t\t\t\tUtanf\u00f6r Gemensamhetslokalen Nissabogatan 2\n\t\t\t\t<\/dd><\/dl><dl class='gallery-item'>\n\t\t\t<dt class='gallery-icon landscape'>\n\t\t\t\t<a href='http:\/\/villareal.se\/hemsida\/wp-content\/uploads\/2020\/11\/DSC_0191.jpg'><img width=\"150\" height=\"150\" src=\"http:\/\/villareal.se\/hemsida\/wp-content\/uploads\/2020\/11\/DSC_0191-150x150.jpg\" class=\"attachment-thumbnail size-thumbnail\" alt=\"\" loading=\"lazy\" aria-describedby=\"gallery-1-673\" \/><\/a>\n\t\t\t<\/dt>\n\t\t\t\t<dd class='wp-caption-text gallery-caption' id='gallery-1-673'>\n\t\t\t\tGemensamhetslokal &#8211; stora rummet\n\t\t\t\t<\/dd><\/dl><dl class='gallery-item'>\n\t\t\t<dt class='gallery-icon landscape'>\n\t\t\t\t<a href='http:\/\/villareal.se\/hemsida\/wp-content\/uploads\/2020\/11\/DSC_0193.jpg'><img width=\"150\" height=\"150\" src=\"http:\/\/villareal.se\/hemsida\/wp-content\/uploads\/2020\/11\/DSC_0193-150x150.jpg\" class=\"attachment-thumbnail size-thumbnail\" alt=\"\" loading=\"lazy\" aria-describedby=\"gallery-1-674\" \/><\/a>\n\t\t\t<\/dt>\n\t\t\t\t<dd class='wp-caption-text gallery-caption' id='gallery-1-674'>\n\t\t\t\tGemensamhetslokalen-stora rummet\n\t\t\t\t<\/dd><\/dl><br style=\"clear: both\" \/><dl class='gallery-item'>\n\t\t\t<dt class='gallery-icon portrait'>\n\t\t\t\t<a href='http:\/\/villareal.se\/hemsida\/wp-content\/uploads\/2020\/11\/DSC_0190.jpg'><img width=\"150\" height=\"150\" src=\"http:\/\/villareal.se\/hemsida\/wp-content\/uploads\/2020\/11\/DSC_0190-150x150.jpg\" class=\"attachment-thumbnail size-thumbnail\" alt=\"\" loading=\"lazy\" aria-describedby=\"gallery-1-672\" \/><\/a>\n\t\t\t<\/dt>\n\t\t\t\t<dd class='wp-caption-text gallery-caption' id='gallery-1-672'>\n\t\t\t\tGemensamhetslokal &#8211; k\u00f6k\/pentry\n\t\t\t\t<\/dd><\/dl><dl class='gallery-item'>\n\t\t\t<dt class='gallery-icon portrait'>\n\t\t\t\t<a href='http:\/\/villareal.se\/hemsida\/wp-content\/uploads\/2020\/11\/DSC_0194.jpg'><img width=\"150\" height=\"150\" src=\"http:\/\/villareal.se\/hemsida\/wp-content\/uploads\/2020\/11\/DSC_0194-150x150.jpg\" class=\"attachment-thumbnail size-thumbnail\" alt=\"\" loading=\"lazy\" \/><\/a>\n\t\t\t<\/dt><\/dl><dl class='gallery-item'>\n\t\t\t<dt class='gallery-icon landscape'>\n\t\t\t\t<a href='http:\/\/villareal.se\/hemsida\/wp-content\/uploads\/2020\/11\/DSC_0195.jpg'><img width=\"150\" height=\"150\" src=\"http:\/\/villareal.se\/hemsida\/wp-content\/uploads\/2020\/11\/DSC_0195-150x150.jpg\" class=\"attachment-thumbnail size-thumbnail\" alt=\"\" loading=\"lazy\" \/><\/a>\n\t\t\t<\/dt><\/dl><br style=\"clear: both\" \/>\n\t\t<\/div>\n\n","protected":false},"excerpt":{"rendered":"<p>1. L\u00e4s vidst\u00e5ende ordnings- och avgiftsregler. 2. Kontrollera i kalendern nedan att l\u00e4genheten \u00e4r ledig. 3. Fyll i bokningsuppgifter i ett mejl till: bokning@villareal.se (klicka h\u00e4r) 4. Bokningen hanteras manuellt. N\u00e4r den \u00e4r klar kommer ett bokningsnummer som bekr\u00e4ftelse till din angivna mejl adress. Bokning ska i f\u00f6rsta hand ske genom mejl, men kan ocks\u00e5 &#8230; <span class=\"more\"><a class=\"more-link\" href=\"http:\/\/villareal.se\/hemsida\/bokningar\/\">[L\u00e4s mer&#8230;]<\/a><\/span><\/p>\n","protected":false},"author":1,"featured_media":0,"parent":0,"menu_order":0,"comment_status":"closed","ping_status":"closed","template":"","meta":[],"_links":{"self":[{"href":"http:\/\/villareal.se\/hemsida\/wp-json\/wp\/v2\/pages\/11"}],"collection":[{"href":"http:\/\/villareal.se\/hemsida\/wp-json\/wp\/v2\/pages"}],"about":[{"href":"http:\/\/villareal.se\/hemsida\/wp-json\/wp\/v2\/types\/page"}],"author":[{"embeddable":true,"href":"http:\/\/villareal.se\/hemsida\/wp-json\/wp\/v2\/users\/1"}],"replies":[{"embeddable":true,"href":"http:\/\/villareal.se\/hemsida\/wp-json\/wp\/v2\/comments?post=11"}],"version-history":[{"count":25,"href":"http:\/\/villareal.se\/hemsida\/wp-json\/wp\/v2\/pages\/11\/revisions"}],"predecessor-version":[{"id":883,"href":"http:\/\/villareal.se\/hemsida\/wp-json\/wp\/v2\/pages\/11\/revisions\/883"}],"wp:attachment":[{"href":"http:\/\/villareal.se\/hemsida\/wp-json\/wp\/v2\/media?parent=11"}],"curies":[{"name":"wp","href":"https:\/\/api.w.org\/{rel}","templated":true}]}}